{"id":1107,"date":"2025-05-04T10:28:45","date_gmt":"2025-05-04T08:28:45","guid":{"rendered":"https:\/\/www.avzo-koprivnice.cz\/?page_id=1107"},"modified":"2025-05-04T10:43:39","modified_gmt":"2025-05-04T08:43:39","slug":"priborsky-veteran-2025","status":"publish","type":"page","link":"https:\/\/www.avzo-koprivnice.cz\/index.php\/galerie\/priborsky-veteran-2025\/","title":{"rendered":"Priborsky veteran 2025"},"content":{"rendered":"<div id=\"envira-gallery-wrap-1106\" class=\"envira-gallery-wrap envira-gallery-theme-base envira-lightbox-theme-base\" itemscope itemtype=\"https:\/\/schema.org\/ImageGallery\"><div data-row-height=\"150\" data-gallery-theme=\"normal\" id=\"envira-gallery-1106\" class=\"envira-gallery-public envira-gallery-justified-public envira-gallery-0-columns envira-clear enviratope envira-gallery-css-animations\" data-envira-columns=\"0\"><div id=\"envira-gallery-item-1104\" class=\"envira-gallery-item enviratope-item envira-gallery-item-1 envira-lazy-load\" style=\"padding-left: 5px; padding-bottom: 10px; padding-right: 5px;\"  itemscope itemtype=\"https:\/\/schema.org\/ImageObject\"><div class=\"envira-gallery-item-inner\"><div class=\"envira-gallery-position-overlay  envira-gallery-top-left\"><\/div><div class=\"envira-gallery-position-overlay  envira-gallery-top-right\"><\/div><div class=\"envira-gallery-position-overlay  envira-gallery-bottom-left\"><\/div><div class=\"envira-gallery-position-overlay  envira-gallery-bottom-right\"><\/div><a href=\"https:\/\/www.avzo-koprivnice.cz\/wp-content\/uploads\/2025\/05\/nej-pistole-scaled.jpg\" class=\"envira-gallery-1106 envira-gallery-link\" rel=\"enviragallery1106\" title=\"Nej&uacute;sp\u011b&scaron;n\u011bj&scaron;&iacute; &amp;quot;pistol&aacute;\u0159i&amp;quot;, zleva 2. m&iacute;sto Tom&aacute;&scaron; Proke&scaron;, 1. m&iacute;sto Libor Fla&scaron;ar a 3. m&iacute;sto V&iacute;t\u011bzslav \u010cerch\" data-envira-caption=\"Nej&uacute;sp\u011b&scaron;n\u011bj&scaron;&iacute; &amp;quot;pistol&aacute;\u0159i&amp;quot;, zleva 2. m&iacute;sto Tom&aacute;&scaron; Proke&scaron;, 1. m&iacute;sto Libor Fla&scaron;ar a 3. m&iacute;sto V&iacute;t\u011bzslav \u010cerch\" data-envira-retina=\"\" data-thumbnail=\"\"  itemprop=\"contentUrl\"><img decoding=\"async\" id=\"envira-gallery-image-1104\" class=\"envira-gallery-image envira-gallery-image-1 envira-normal envira-lazy\" data-envira-index=\"1\" src=\"https:\/\/www.avzo-koprivnice.cz\/wp-content\/uploads\/2025\/05\/nej-pistole-1024x890-640x480.jpg\" data-envira-src=\"https:\/\/www.avzo-koprivnice.cz\/wp-content\/uploads\/2025\/05\/nej-pistole-1024x890-640x480.jpg\" data-envira-gallery-id=\"1106\" data-envira-item-id=\"1104\" data-envira-caption=\"Nej&uacute;sp\u011b&scaron;n\u011bj&scaron;&iacute; &amp;quot;pistol&aacute;\u0159i&amp;quot;, zleva 2. m&iacute;sto Tom&aacute;&scaron; Proke&scaron;, 1. m&iacute;sto Libor Fla&scaron;ar a 3. m&iacute;sto V&iacute;t\u011bzslav \u010cerch\" alt=\"\" title=\"Nej\u00fasp\u011b\u0161n\u011bj\u0161\u00ed &quot;pistol\u00e1\u0159i&quot;, zleva 2. m\u00edsto Tom\u00e1\u0161 Proke\u0161, 1. m\u00edsto Libor Fla\u0161ar a 3. m\u00edsto V\u00edt\u011bzslav \u010cerch\"  itemprop=\"thumbnailUrl\" data-envira-srcset=\"https:\/\/www.avzo-koprivnice.cz\/wp-content\/uploads\/2025\/05\/nej-pistole-1024x890-640x480.jpg 400w,https:\/\/www.avzo-koprivnice.cz\/wp-content\/uploads\/2025\/05\/nej-pistole-1024x890-640x480.jpg 2x\" data-envira-width=\"300\" data-envira-height=\"261\" srcset=\"data:image\/gif;base64,R0lGODlhAQABAIAAAP\/\/\/\/\/\/\/yH5BAEKAAEALAAAAAABAAEAAAICTAEAOw==\" data-safe-src=\"data:image\/gif;base64,R0lGODlhAQABAIAAAP\/\/\/\/\/\/\/yH5BAEKAAEALAAAAAABAAEAAAICTAEAOw==\" \/><\/a><\/div><\/div><div id=\"envira-gallery-item-1103\" class=\"envira-gallery-item enviratope-item envira-gallery-item-2 envira-lazy-load\" style=\"padding-left: 5px; padding-bottom: 10px; padding-right: 5px;\"  itemscope itemtype=\"https:\/\/schema.org\/ImageObject\"><div class=\"envira-gallery-item-inner\"><div class=\"envira-gallery-position-overlay  envira-gallery-top-left\"><\/div><div class=\"envira-gallery-position-overlay  envira-gallery-top-right\"><\/div><div class=\"envira-gallery-position-overlay  envira-gallery-bottom-left\"><\/div><div class=\"envira-gallery-position-overlay  envira-gallery-bottom-right\"><\/div><a href=\"https:\/\/www.avzo-koprivnice.cz\/wp-content\/uploads\/2025\/05\/nej-puska-scaled.jpg\" class=\"envira-gallery-1106 envira-gallery-link\" rel=\"enviragallery1106\" title=\"Nej&uacute;sp\u011b&scaron;n\u011bj&scaron;&iacute; &amp;quot;pu&scaron;ka\u0159i&amp;quot;, zleva 3. m&iacute;sto Tom&aacute;&scaron; Proke&scaron;, 1. m&iacute;sto Libor Fla&scaron;ar a 2. m&iacute;sto V&iacute;t\u011bzslav \u010cerch\" data-envira-caption=\"Nej&uacute;sp\u011b&scaron;n\u011bj&scaron;&iacute; &amp;quot;pu&scaron;ka\u0159i&amp;quot;, zleva 3. m&iacute;sto Tom&aacute;&scaron; Proke&scaron;, 1. m&iacute;sto Libor Fla&scaron;ar a 2. m&iacute;sto V&iacute;t\u011bzslav \u010cerch\" data-envira-retina=\"\" data-thumbnail=\"\"  itemprop=\"contentUrl\"><img decoding=\"async\" id=\"envira-gallery-image-1103\" class=\"envira-gallery-image envira-gallery-image-2 envira-normal envira-lazy\" data-envira-index=\"2\" src=\"https:\/\/www.avzo-koprivnice.cz\/wp-content\/uploads\/2025\/05\/nej-puska-1024x980-640x480.jpg\" data-envira-src=\"https:\/\/www.avzo-koprivnice.cz\/wp-content\/uploads\/2025\/05\/nej-puska-1024x980-640x480.jpg\" data-envira-gallery-id=\"1106\" data-envira-item-id=\"1103\" data-envira-caption=\"Nej&uacute;sp\u011b&scaron;n\u011bj&scaron;&iacute; &amp;quot;pu&scaron;ka\u0159i&amp;quot;, zleva 3. m&iacute;sto Tom&aacute;&scaron; Proke&scaron;, 1. m&iacute;sto Libor Fla&scaron;ar a 2. m&iacute;sto V&iacute;t\u011bzslav \u010cerch\" alt=\"\" title=\"Nej\u00fasp\u011b\u0161n\u011bj\u0161\u00ed &quot;pu\u0161ka\u0159i&quot;, zleva 3. m\u00edsto Tom\u00e1\u0161 Proke\u0161, 1. m\u00edsto Libor Fla\u0161ar a 2. m\u00edsto V\u00edt\u011bzslav \u010cerch\"  itemprop=\"thumbnailUrl\" data-envira-srcset=\"https:\/\/www.avzo-koprivnice.cz\/wp-content\/uploads\/2025\/05\/nej-puska-1024x980-640x480.jpg 400w,https:\/\/www.avzo-koprivnice.cz\/wp-content\/uploads\/2025\/05\/nej-puska-1024x980-640x480.jpg 2x\" data-envira-width=\"300\" data-envira-height=\"287\" srcset=\"data:image\/gif;base64,R0lGODlhAQABAIAAAP\/\/\/\/\/\/\/yH5BAEKAAEALAAAAAABAAEAAAICTAEAOw==\" data-safe-src=\"data:image\/gif;base64,R0lGODlhAQABAIAAAP\/\/\/\/\/\/\/yH5BAEKAAEALAAAAAABAAEAAAICTAEAOw==\" \/><\/a><\/div><\/div><\/div><\/div><noscript><img decoding=\"async\" src=\"https:\/\/www.avzo-koprivnice.cz\/wp-content\/uploads\/2025\/05\/nej-pistole-scaled.jpg\" alt=\"\" \/><img decoding=\"async\" src=\"https:\/\/www.avzo-koprivnice.cz\/wp-content\/uploads\/2025\/05\/nej-puska-scaled.jpg\" alt=\"\" \/><\/noscript>\n","protected":false},"excerpt":{"rendered":"","protected":false},"author":1,"featured_media":0,"parent":700,"menu_order":6,"comment_status":"closed","ping_status":"closed","template":"","meta":{"footnotes":""},"class_list":["post-1107","page","type-page","status-publish","hentry"],"wppr_data":{"cwp_meta_box_check":"No"},"_links":{"self":[{"href":"https:\/\/www.avzo-koprivnice.cz\/index.php\/wp-json\/wp\/v2\/pages\/1107","targetHints":{"allow":["GET"]}}],"collection":[{"href":"https:\/\/www.avzo-koprivnice.cz\/index.php\/wp-json\/wp\/v2\/pages"}],"about":[{"href":"https:\/\/www.avzo-koprivnice.cz\/index.php\/wp-json\/wp\/v2\/types\/page"}],"author":[{"embeddable":true,"href":"https:\/\/www.avzo-koprivnice.cz\/index.php\/wp-json\/wp\/v2\/users\/1"}],"replies":[{"embeddable":true,"href":"https:\/\/www.avzo-koprivnice.cz\/index.php\/wp-json\/wp\/v2\/comments?post=1107"}],"version-history":[{"count":2,"href":"https:\/\/www.avzo-koprivnice.cz\/index.php\/wp-json\/wp\/v2\/pages\/1107\/revisions"}],"predecessor-version":[{"id":1110,"href":"https:\/\/www.avzo-koprivnice.cz\/index.php\/wp-json\/wp\/v2\/pages\/1107\/revisions\/1110"}],"up":[{"embeddable":true,"href":"https:\/\/www.avzo-koprivnice.cz\/index.php\/wp-json\/wp\/v2\/pages\/700"}],"wp:attachment":[{"href":"https:\/\/www.avzo-koprivnice.cz\/index.php\/wp-json\/wp\/v2\/media?parent=1107"}],"curies":[{"name":"wp","href":"https:\/\/api.w.org\/{rel}","templated":true}]}}