{"id":135,"date":"2018-01-21T13:54:00","date_gmt":"2018-01-21T13:54:00","guid":{"rendered":"http:\/\/www.avzo-koprivnice.cz\/?page_id=135"},"modified":"2026-02-04T11:32:12","modified_gmt":"2026-02-04T10:32:12","slug":"vykonny-vybor","status":"publish","type":"page","link":"https:\/\/www.avzo-koprivnice.cz\/index.php\/vykonny-vybor\/","title":{"rendered":"V\u00fdkonn\u00fd v\u00fdbor"},"content":{"rendered":"<style=\"padding-left: 30px;\"=\"\">V\u00fdkonn\u00fd v\u00fdbor&nbsp; \u0159\u00edd\u00ed \u010dinnost pobo\u010dn\u00e9ho spolku a je volen \u010dlenskou sch\u016fzi AVZO Kop\u0159ivnice, p.s. na funk\u010dn\u00ed obdob\u00ed \u010dty\u0159 let a aktu\u00e1ln\u011b pracuje ve slo\u017een\u00ed:<\/p>\n<p>Jarom\u00edr Zetek, p\u0159edseda<br \/>\nLubo\u0161 P\u00e1lka, m\u00edstop\u0159edseda<br \/>\nJi\u0159ina Bla\u017ekov\u00e1, Ing., hospod\u00e1\u0159 &#8211; ekonom<\/p>\n<p>a \u010dlenov\u00e9 v\u00fdboru p. Vencl\u00edk, Lach, Meca, Ve\u0159mi\u0159ovsk\u00fd a \u0160\u010derba.<\/p>\n<p>Sch\u016fze VV se konaj\u00ed v kancel\u00e1\u0159i p\u0159edsedy AVZO Kop\u0159ivnice, p.s. od 16:00 v n\u00e1sleduj\u00edc\u00edch term\u00ednech:<\/p>\n<h5 style=\"padding-left: 420px;\"><\/h5>\n<p>\u00fater\u00fd 03.03.2026<br \/>\n\u00fater\u00fd 07.04.2026<br \/>\n\u00fater\u00fd 05.05.2026<br \/>\n\u00fater\u00fd 16.06.2026<br \/>\n\u00fater\u00fd 08.09.2026<br \/>\n\u00fater\u00fd 06.10.2026<br \/>\n\u00fater\u00fd 03.11.2026<br \/>\n\u00fater\u00fd 08.12.2026<\/p>\n<p><b>POZOR &#8211; zm\u011bna v\u00fd\u0161e \u010dlensk\u00fdch p\u0159\u00edsp\u011bvk\u016f:<\/b><br \/>\ndle usnesen\u00ed deleg\u00e1t\u016f 12. sjezdu AVZO TS\u010c \u010cR <b>se navy\u0161uj\u00ed \u010dlensk\u00e9 p\u0159\u00edsp\u011bvky k 01.01.2025 na 200,- K\u010d<\/b>. P\u0159\u00edsp\u011bvky za jednotliv\u00e9 odbornosti uhra\u010fte hotovostn\u011b u ekonomky p. Bla\u017ekov\u00e9.<br \/>\n<\/style=\"padding-left:>\n","protected":false},"excerpt":{"rendered":"<p>V\u00fdkonn\u00fd v\u00fdbor&nbsp; \u0159\u00edd\u00ed \u010dinnost pobo\u010dn\u00e9ho spolku a je volen \u010dlenskou sch\u016fzi AVZO Kop\u0159ivnice, p.s. na funk\u010dn\u00ed obdob\u00ed \u010dty\u0159 let a aktu\u00e1ln\u011b pracuje ve slo\u017een\u00ed: Jarom\u00edr Zetek, p\u0159edseda Lubo\u0161 P\u00e1lka, m\u00edstop\u0159edseda Ji\u0159ina Bla\u017ekov\u00e1, Ing., hospod\u00e1\u0159 &#8211; ekonom a \u010dlenov\u00e9 v\u00fdboru p. [&hellip;]<\/p>\n","protected":false},"author":1,"featured_media":0,"parent":0,"menu_order":0,"comment_status":"closed","ping_status":"closed","template":"","meta":{"footnotes":""},"class_list":["post-135","page","type-page","status-publish","hentry"],"wppr_data":{"cwp_meta_box_check":"No"},"_links":{"self":[{"href":"https:\/\/www.avzo-koprivnice.cz\/index.php\/wp-json\/wp\/v2\/pages\/135","targetHints":{"allow":["GET"]}}],"collection":[{"href":"https:\/\/www.avzo-koprivnice.cz\/index.php\/wp-json\/wp\/v2\/pages"}],"about":[{"href":"https:\/\/www.avzo-koprivnice.cz\/index.php\/wp-json\/wp\/v2\/types\/page"}],"author":[{"embeddable":true,"href":"https:\/\/www.avzo-koprivnice.cz\/index.php\/wp-json\/wp\/v2\/users\/1"}],"replies":[{"embeddable":true,"href":"https:\/\/www.avzo-koprivnice.cz\/index.php\/wp-json\/wp\/v2\/comments?post=135"}],"version-history":[{"count":127,"href":"https:\/\/www.avzo-koprivnice.cz\/index.php\/wp-json\/wp\/v2\/pages\/135\/revisions"}],"predecessor-version":[{"id":1142,"href":"https:\/\/www.avzo-koprivnice.cz\/index.php\/wp-json\/wp\/v2\/pages\/135\/revisions\/1142"}],"wp:attachment":[{"href":"https:\/\/www.avzo-koprivnice.cz\/index.php\/wp-json\/wp\/v2\/media?parent=135"}],"curies":[{"name":"wp","href":"https:\/\/api.w.org\/{rel}","templated":true}]}}