{"id":146,"date":"2018-01-21T14:14:03","date_gmt":"2018-01-21T14:14:03","guid":{"rendered":"http:\/\/www.avzo-koprivnice.cz\/?page_id=146"},"modified":"2024-01-13T17:06:41","modified_gmt":"2024-01-13T16:06:41","slug":"pronajem","status":"publish","type":"page","link":"https:\/\/www.avzo-koprivnice.cz\/index.php\/pronajem\/","title":{"rendered":"Pron\u00e1jem"},"content":{"rendered":"<h5><span style=\"color: #000000; font-family: Calibri;\">AVZO Kop\u0159ivnice, p.s. m\u00e1 k dispozici, na t\u0159ech m\u00edstech v Kop\u0159ivnici, n\u011bkolik gar\u00e1\u017e\u00ed pronaj\u00edman\u00fdch pro osobn\u00ed motorov\u00fdch vozidel a vlastn\u00ed provozn\u00ed budovu s mo\u017enosti pron\u00e1jmu kancel\u00e1\u0159sk\u00fdch a skladov\u00fdch prostor.<\/p>\n<p>V sou\u010dasnosti nenab\u00edz\u00edme \u017e\u00e1dn\u00e9 prostory k pron\u00e1jmu.<\/h5>\n<p><img loading=\"lazy\" decoding=\"async\" class=\"size-medium wp-image-357 aligncenter\" src=\"https:\/\/www.avzo-koprivnice.cz\/wp-content\/uploads\/2018\/11\/avzo_budova-300x224.jpg\" alt=\"\" width=\"300\" height=\"224\" srcset=\"https:\/\/www.avzo-koprivnice.cz\/wp-content\/uploads\/2018\/11\/avzo_budova-300x224.jpg 300w, https:\/\/www.avzo-koprivnice.cz\/wp-content\/uploads\/2018\/11\/avzo_budova-50x37.jpg 50w, https:\/\/www.avzo-koprivnice.cz\/wp-content\/uploads\/2018\/11\/avzo_budova.jpg 558w\" sizes=\"auto, (max-width: 300px) 100vw, 300px\" \/><\/p>\n","protected":false},"excerpt":{"rendered":"<p>AVZO Kop\u0159ivnice, p.s. m\u00e1 k dispozici, na t\u0159ech m\u00edstech v Kop\u0159ivnici, n\u011bkolik gar\u00e1\u017e\u00ed pronaj\u00edman\u00fdch pro osobn\u00ed motorov\u00fdch vozidel a vlastn\u00ed provozn\u00ed budovu s mo\u017enosti pron\u00e1jmu kancel\u00e1\u0159sk\u00fdch a skladov\u00fdch prostor. V sou\u010dasnosti nenab\u00edz\u00edme \u017e\u00e1dn\u00e9 prostory k pron\u00e1jmu.<\/p>\n","protected":false},"author":1,"featured_media":0,"parent":0,"menu_order":0,"comment_status":"closed","ping_status":"closed","template":"","meta":{"footnotes":""},"class_list":["post-146","page","type-page","status-publish","hentry"],"wppr_data":{"cwp_meta_box_check":"No"},"_links":{"self":[{"href":"https:\/\/www.avzo-koprivnice.cz\/index.php\/wp-json\/wp\/v2\/pages\/146","targetHints":{"allow":["GET"]}}],"collection":[{"href":"https:\/\/www.avzo-koprivnice.cz\/index.php\/wp-json\/wp\/v2\/pages"}],"about":[{"href":"https:\/\/www.avzo-koprivnice.cz\/index.php\/wp-json\/wp\/v2\/types\/page"}],"author":[{"embeddable":true,"href":"https:\/\/www.avzo-koprivnice.cz\/index.php\/wp-json\/wp\/v2\/users\/1"}],"replies":[{"embeddable":true,"href":"https:\/\/www.avzo-koprivnice.cz\/index.php\/wp-json\/wp\/v2\/comments?post=146"}],"version-history":[{"count":23,"href":"https:\/\/www.avzo-koprivnice.cz\/index.php\/wp-json\/wp\/v2\/pages\/146\/revisions"}],"predecessor-version":[{"id":1011,"href":"https:\/\/www.avzo-koprivnice.cz\/index.php\/wp-json\/wp\/v2\/pages\/146\/revisions\/1011"}],"wp:attachment":[{"href":"https:\/\/www.avzo-koprivnice.cz\/index.php\/wp-json\/wp\/v2\/media?parent=146"}],"curies":[{"name":"wp","href":"https:\/\/api.w.org\/{rel}","templated":true}]}}