{"id":153,"date":"2018-01-21T14:20:20","date_gmt":"2018-01-21T14:20:20","guid":{"rendered":"http:\/\/www.avzo-koprivnice.cz\/?page_id=153"},"modified":"2018-01-21T18:36:48","modified_gmt":"2018-01-21T18:36:48","slug":"odbornosti","status":"publish","type":"page","link":"https:\/\/www.avzo-koprivnice.cz\/index.php\/odbornosti\/","title":{"rendered":"Odbornosti"},"content":{"rendered":"\n<table id=\"tablepress-2\" class=\"tablepress tablepress-id-2\">\n<tbody>\n<tr class=\"row-1\">\n\t<td class=\"column-1\"><p style=\"text-align: center\"><strong><br \/>\n<a href=\"http:\/\/www.plochadraha-koprivnice.org\/\" rel=\"noopener\" target=\"_blank\"><span title=\"zde doplnit vyskakovaci text\">Ploch\u00e1 dr\u00e1ha Kop\u0159ivnice<\/a><\/span><\/strong><br \/>\n<br \/>\n<figure id=\"attachment_124\" aria-describedby=\"caption-attachment-124\" style=\"width: 240px\" class=\"wp-caption alignnone\"><img loading=\"lazy\" decoding=\"async\" src=\"http:\/\/www.avzo-koprivnice.cz\/wp-content\/uploads\/2018\/01\/logo_pd-e1514918430934.jpg\"  width=\"100\" height=\"66\" class=\"size-full wp-image-124\" \/><figcaption id=\"caption-attachment-124\" class=\"wp-caption-text\"><p style=\"text-align: left\"><font size=\"2\"><br \/>\nObnoven\u00e1 premi\u00e9ra ploch\u00e9 dr\u00e1hy se konala 25.06.2017. T\u0159\u00edtis\u00edcovka div\u00e1k\u016f vid\u011bla V\u00edt\u011bze P\u0159eboru \u010cR Josefa France, druh\u00e9ho Norberta Mago\u0161i a bronzov\u00e9ho Ond\u0159eje Smetanu ...<\/figcaption><\/figure><\/td><td class=\"column-2\"><p style=\"text-align: center\"><strong><br \/>\n<a href=\"http:\/\/tvcckoprivnice.com\/o-nas.html\" rel=\"noopener\" target=\"_blank\">TATRA veter\u00e1n club<\/a><\/strong><br \/>\n<br \/>\n<figure id=\"attachment_126\" aria-describedby=\"caption-attachment-126\" style=\"width: 240px\" class=\"wp-caption alignnone\"><img loading=\"lazy\" decoding=\"async\" src=\"http:\/\/www.avzo-koprivnice.cz\/wp-content\/uploads\/2018\/01\/logo_vtcc-e1514918602186.jpg\" alt=\"\" width=\"77\" height=\"90\" class=\"size-full wp-image-126\" \/><figcaption id=\"caption-attachment-126\" class=\"wp-caption-text\"><p style=\"text-align: left\"><p style=\"text-align: left\"><font size=\"2\"><br \/>\nPam\u00e1tn\u00e9ho dne 25. ledna 1969 byl v Z\u00e1vodn\u00edm hotelu, za podpory n. p. Tatra, podnikov\u00e9ho muzea, zalo\u017een kop\u0159ivnick\u00fd Tatra veter\u00e1n klub...<\/figcaption><\/figure><\/td><td class=\"column-3\"><p style=\"text-align: center\"><strong><br \/>\n<a href=\"http:\/\/www.ssk-koprivnice.cz\/home.html\" rel=\"noopener\" target=\"_blank\">Sportovn\u00ed st\u0159eleck\u00fd klub<\/a><\/strong><br \/>\n<br \/>\n<figure id=\"attachment_125\" aria-describedby=\"caption-attachment-125\" style=\"width: 240px\" class=\"wp-caption alignnone\"><img loading=\"lazy\" decoding=\"async\" src=\"http:\/\/www.avzo-koprivnice.cz\/wp-content\/uploads\/2018\/12\/logo_pistole.jpg\" alt=\"\" width=\"145\" height=\"88\" class=\"alignnone size-full wp-image-451\" srcset=\"https:\/\/www.avzo-koprivnice.cz\/wp-content\/uploads\/2018\/12\/logo_pistole.jpg 184w, https:\/\/www.avzo-koprivnice.cz\/wp-content\/uploads\/2018\/12\/logo_pistole-50x30.jpg 50w\" sizes=\"auto, (max-width: 145px) 100vw, 145px\" \/><figcaption id=\"caption-attachment-125\" class=\"wp-caption-text\"><p style=\"text-align: left\"><p style=\"text-align: left\"> <font size=\"2\"><br \/>\nSportovn\u00ed st\u0159elba v Kop\u0159ivnici m\u00e1 tradici sahaj\u00edc\u00ed hluboko do minul\u00e9ho stolet\u00ed - v roce 1951 v r\u00e1mci SVAZARMu vznikl z\u00e1klad st\u0159eleck\u00e9ho klubu...<\/figcaption><\/figure><\/td>\n<\/tr>\n<tr class=\"row-2\">\n\t<td class=\"column-1\"><p style=\"text-align: center\"><strong><br \/>\n<a href=\"https:\/\/ok2xko.webnode.cz\/o-nas\/\" rel=\"noopener\" target=\"_blank\">Radist\u00e9 OK2KTK<\/a><\/strong><br \/>\n<img loading=\"lazy\" decoding=\"async\" src=\"http:\/\/www.avzo-koprivnice.cz\/wp-content\/uploads\/2018\/12\/logo_radio.jpg\" alt=\"\" width=\"80\" height=\"76\" class=\"alignnone size-full wp-image-455\" srcset=\"https:\/\/www.avzo-koprivnice.cz\/wp-content\/uploads\/2018\/12\/logo_radio.jpg 100w, https:\/\/www.avzo-koprivnice.cz\/wp-content\/uploads\/2018\/12\/logo_radio-50x48.jpg 50w\" sizes=\"auto, (max-width: 80px) 100vw, 80px\" \/><br \/>\n<p style=\"text-align: left\"><font size=\"2\"><br \/>\nDnem 21.07.1957 je prvn\u00ed spojen\u00ed a vznik \"kolektivky\". Radioklub funguje ji\u017e v\u00edce ne\u017e 50 let a jeho \u010dlenov\u00e9 p\u016fsob\u00ed na KV i VKV frekvenc\u00edch... <\/td><td class=\"column-2\"><p style=\"text-align: center\"><strong><br \/>\nKlub z\u00e1v\u011bsn\u00e9ho l\u00e9t\u00e1n\u00ed<\/strong><br \/>\n<br \/>\n<figure id=\"attachment_124\" aria-describedby=\"caption-attachment-124\" style=\"width: 240px\" class=\"wp-caption alignnone\"><img loading=\"lazy\" decoding=\"async\" src=\"http:\/\/www.avzo-koprivnice.cz\/wp-content\/uploads\/2018\/12\/logo_rogalo.jpg\" alt=\"\" width=\"105\" height=\"79\" class=\"alignnone size-full wp-image-460\" srcset=\"https:\/\/www.avzo-koprivnice.cz\/wp-content\/uploads\/2018\/12\/logo_rogalo.jpg 105w, https:\/\/www.avzo-koprivnice.cz\/wp-content\/uploads\/2018\/12\/logo_rogalo-50x38.jpg 50w\" sizes=\"auto, (max-width: 105px) 100vw, 105px\" \/><figcaption id=\"caption-attachment-124\" class=\"wp-caption-text\"><p style=\"text-align: left\"><font size=\"2\"><br \/>\n...<\/figcaption><\/figure><br \/>\n<\/td><td class=\"column-3\"><p style=\"text-align: center\"><strong><br \/>\nLetecko-model\u00e1\u0159sk\u00fd klub<\/strong><br \/>\n<br \/>\n<figure id=\"attachment_124\" aria-describedby=\"caption-attachment-124\" style=\"width: 240px\" class=\"wp-caption alignnone\"><img loading=\"lazy\" decoding=\"async\" src=\"http:\/\/www.avzo-koprivnice.cz\/wp-content\/uploads\/2018\/12\/logo_model.jpg\" alt=\"\" width=\"135\" height=\"82\" class=\"alignnone size-full wp-image-462\" \/><figcaption id=\"caption-attachment-124\" class=\"wp-caption-text\"><p style=\"text-align: left\"><font size=\"2\"><br \/>\n...<\/figcaption><\/figure><br \/>\n<\/td>\n<\/tr>\n<\/tbody>\n<\/table>\n<!-- #tablepress-2 from cache -->\n","protected":false},"excerpt":{"rendered":"","protected":false},"author":1,"featured_media":0,"parent":0,"menu_order":0,"comment_status":"closed","ping_status":"closed","template":"","meta":{"footnotes":""},"class_list":["post-153","page","type-page","status-publish","hentry"],"wppr_data":{"cwp_meta_box_check":"No"},"_links":{"self":[{"href":"https:\/\/www.avzo-koprivnice.cz\/index.php\/wp-json\/wp\/v2\/pages\/153","targetHints":{"allow":["GET"]}}],"collection":[{"href":"https:\/\/www.avzo-koprivnice.cz\/index.php\/wp-json\/wp\/v2\/pages"}],"about":[{"href":"https:\/\/www.avzo-koprivnice.cz\/index.php\/wp-json\/wp\/v2\/types\/page"}],"author":[{"embeddable":true,"href":"https:\/\/www.avzo-koprivnice.cz\/index.php\/wp-json\/wp\/v2\/users\/1"}],"replies":[{"embeddable":true,"href":"https:\/\/www.avzo-koprivnice.cz\/index.php\/wp-json\/wp\/v2\/comments?post=153"}],"version-history":[{"count":3,"href":"https:\/\/www.avzo-koprivnice.cz\/index.php\/wp-json\/wp\/v2\/pages\/153\/revisions"}],"predecessor-version":[{"id":180,"href":"https:\/\/www.avzo-koprivnice.cz\/index.php\/wp-json\/wp\/v2\/pages\/153\/revisions\/180"}],"wp:attachment":[{"href":"https:\/\/www.avzo-koprivnice.cz\/index.php\/wp-json\/wp\/v2\/media?parent=153"}],"curies":[{"name":"wp","href":"https:\/\/api.w.org\/{rel}","templated":true}]}}