{"id":2,"date":"2017-12-10T14:46:07","date_gmt":"2017-12-10T14:46:07","guid":{"rendered":"http:\/\/localhost\/wp\/wp481\/?page_id=2"},"modified":"2026-01-14T12:20:28","modified_gmt":"2026-01-14T11:20:28","slug":"sample-page","status":"publish","type":"page","link":"https:\/\/www.avzo-koprivnice.cz\/","title":{"rendered":"Kdo jsme"},"content":{"rendered":"<h5 style=\"padding-left: 30px;\"><span style=\"color: #000000;\"><span style=\"font-family: Calibri;\">AVZO Kop\u0159ivnice, p.s.\u00a0je spolek zalo\u017een\u00fd v souladu s ob\u010dansk\u00fdm z\u00e1kon\u00edkem pracuj\u00edc\u00ed s d\u011btmi, ml\u00e1de\u017e\u00ed a ostatn\u00edmi ob\u010dany s c\u00edlem:<span style=\"font-size: small;\"><br \/><\/span><\/span><\/span><\/h5>\r\n<ul>\r\n<li style=\"padding-left: 30px;\">vy\u017eit\u00ed \u010dlen\u016f jednotliv\u00fdch odbornost\u00ed AVZO v oblasti <a href=\"https:\/\/www.avzo-koprivnice.cz\/index.php\/odbornosti\/\">z\u00e1jmov\u00fdch, sportovn\u00edch a technick\u00fdch \u010dinnost\u00ed<\/a><\/li>\r\n<li style=\"padding-left: 30px;\">vyhled\u00e1v\u00e1n\u00ed, v\u00fdb\u011br, v\u00fdchovu a v\u0161estrannou podporu talent\u016f<\/li>\r\n<li style=\"padding-left: 30px;\">organizov\u00e1n\u00ed sout\u011b\u017e\u00ed, z\u00e1vod\u016f a akc\u00ed podle mezin\u00e1rodn\u00edch, n\u00e1rodn\u00edch i vlastn\u00edch pravidel<\/li>\r\n<li style=\"padding-left: 30px;\">z\u00edsk\u00e1v\u00e1n\u00ed a v\u00fdchovu tren\u00e9r\u016f, rozhod\u010d\u00edch, instruktor\u016f i cvi\u010ditel\u016f<\/li>\r\n<li style=\"padding-left: 30px;\">vytv\u00e1\u0159en\u00ed vlastn\u00edch lektorsk\u00fdch sbor\u016f<\/li>\r\n<\/ul>\r\n<p>a je jednou ze skupiny ob\u010dansk\u00fdch sdru\u017een\u00ed schopn\u00fdch \u0159e\u0161it komplexn\u011b vyu\u017eit\u00ed voln\u00e9ho \u010dasu, zejm\u00e9na d\u011bt\u00ed a ml\u00e1de\u017ee, s prokazateln\u00fdmi v\u00fdsledky v oblasti v\u00fdchovy \u00fasp\u011b\u0161n\u00fdch sportovc\u016f, rozvoje fyzick\u00e9 zdatnosti, omezov\u00e1n\u00ed kriminality a boje proti drog\u00e1m a dal\u0161\u00edm n\u00e1vykov\u00fdmi l\u00e1tkami.<br \/>Svou \u010dinnost rozv\u00edj\u00edme v n\u011bkolika klubech &#8211; <a href=\"https:\/\/www.avzo-koprivnice.cz\/index.php\/odbornosti\/\">odbornostech<\/a>, tj. ploch\u00e1 dr\u00e1ha, veter\u00e1n klub automobil\u016f zna\u010dky TATRA, sportovn\u00ed st\u0159electv\u00ed, r\u00e1dioklub, z\u00e1v\u011bsn\u00e9 l\u00e9t\u00e1n\u00ed a lete\u010dt\u00ed model\u00e1\u0159i.<\/p>\r\n\r\n\r\n\r\n<div class=\"wp-block-image\">\r\n<figure class=\"aligncenter size-full\"><img decoding=\"async\" src=\"https:\/\/www.avzo-koprivnice.cz\/wp-content\/uploads\/2025\/03\/koprivnice-logo-email-1.jpg\" alt=\"\" class=\"wp-image-838\"\/><\/figure>\r\n<\/div>\r\n\r\n<BR><p>\u010cinnost na\u0161ich sportovc\u016f je i v leto\u0161n\u00edm roce spolufinancov\u00e1na z Programu \u010d.1\/OSKS\/2026 na podporu ml\u00e1de\u017ee, t\u011blov\u00fdchovy, sportu a volno\u010dasov\u00fdch aktivit se zapojen\u00edm ve\u0159ejnosti ev.\u010d. 0829\/2025, kter\u00fd vyhla\u0161uje M\u00da Kop\u0159ivnice pro rok 2026.<\/p>\r\n\r\n<p>Jarom\u00edr Zetek \u00a0p\u0159edseda AVZO Kop\u0159ivnice, p.s.<\/p>\r\n<p>\u00a0<\/p>","protected":false},"excerpt":{"rendered":"<p>AVZO Kop\u0159ivnice, p.s.\u00a0je spolek zalo\u017een\u00fd v souladu s ob\u010dansk\u00fdm z\u00e1kon\u00edkem pracuj\u00edc\u00ed s d\u011btmi, ml\u00e1de\u017e\u00ed a ostatn\u00edmi ob\u010dany s c\u00edlem: vy\u017eit\u00ed \u010dlen\u016f jednotliv\u00fdch odbornost\u00ed AVZO v oblasti z\u00e1jmov\u00fdch, sportovn\u00edch a technick\u00fdch \u010dinnost\u00ed vyhled\u00e1v\u00e1n\u00ed, v\u00fdb\u011br, v\u00fdchovu a v\u0161estrannou podporu talent\u016f organizov\u00e1n\u00ed sout\u011b\u017e\u00ed, [&hellip;]<\/p>\n","protected":false},"author":1,"featured_media":0,"parent":0,"menu_order":0,"comment_status":"closed","ping_status":"closed","template":"","meta":{"footnotes":""},"class_list":["post-2","page","type-page","status-publish","hentry"],"wppr_data":{"cwp_meta_box_check":"No"},"_links":{"self":[{"href":"https:\/\/www.avzo-koprivnice.cz\/index.php\/wp-json\/wp\/v2\/pages\/2","targetHints":{"allow":["GET"]}}],"collection":[{"href":"https:\/\/www.avzo-koprivnice.cz\/index.php\/wp-json\/wp\/v2\/pages"}],"about":[{"href":"https:\/\/www.avzo-koprivnice.cz\/index.php\/wp-json\/wp\/v2\/types\/page"}],"author":[{"embeddable":true,"href":"https:\/\/www.avzo-koprivnice.cz\/index.php\/wp-json\/wp\/v2\/users\/1"}],"replies":[{"embeddable":true,"href":"https:\/\/www.avzo-koprivnice.cz\/index.php\/wp-json\/wp\/v2\/comments?post=2"}],"version-history":[{"count":114,"href":"https:\/\/www.avzo-koprivnice.cz\/index.php\/wp-json\/wp\/v2\/pages\/2\/revisions"}],"predecessor-version":[{"id":1138,"href":"https:\/\/www.avzo-koprivnice.cz\/index.php\/wp-json\/wp\/v2\/pages\/2\/revisions\/1138"}],"wp:attachment":[{"href":"https:\/\/www.avzo-koprivnice.cz\/index.php\/wp-json\/wp\/v2\/media?parent=2"}],"curies":[{"name":"wp","href":"https:\/\/api.w.org\/{rel}","templated":true}]}}