{"id":7,"date":"2017-12-17T17:14:42","date_gmt":"2017-12-17T17:14:42","guid":{"rendered":"http:\/\/www.avzo-koprivnice.cz\/?page_id=7"},"modified":"2018-11-17T10:59:49","modified_gmt":"2018-11-17T10:59:49","slug":"kontakty","status":"publish","type":"page","link":"https:\/\/www.avzo-koprivnice.cz\/index.php\/sample-page\/kontakty\/","title":{"rendered":"Kontakty"},"content":{"rendered":"<div class=\"contact-item cf\">\n<div id=\"wnd_ImageBlock_67694\" class=\"image-block image-default block design-01 wnd-orientation-portrait wnd-type-icon\">\n<div class=\"image-content cf\">\n<div><\/div>\n<div class=\"embed-content\">\n<table id=\"tablepress-1\" class=\"tablepress tablepress-id-1\">\n<tbody>\n<tr class=\"row-1\">\n\t<td class=\"column-1\"><h5 style=\"site-description\"><span style=\"color: #000000; font-family: Calibri;\"><strong><font size=\"3\">AVZO Kop\u0159ivnice, p.s.<\/strong><\/td><td class=\"column-2\"><img loading=\"lazy\" decoding=\"async\" src=\"https:\/\/www.avzo-koprivnice.cz\/wp-content\/uploads\/2024\/01\/datova-schranka-e1705214558604.png\" alt=\"\" width=\"50\" height=\"50\" class=\"alignnone size-full wp-image-63\" \/><\/td><td class=\"column-3\"><h5 style=\"site-description\"><span style=\"color: #000000; font-family: Calibri;\"><font size=\"3\">\u010cesk\u00e1 868<br \/>\n<h5 style=\"site-description\"><span style=\"color: #000000; font-family: Calibri;\"><font size=\"3\">742 21 Kop\u0159ivnice<\/td><td class=\"column-4\"><h5 style=\"site-description\"><span style=\"color: #000000; font-family: Calibri;\"><font size=\"3\">I\u010cO:<br \/>\n<h5 style=\"site-description\"><span style=\"color: #000000; font-family: Calibri;\"><font size=\"3\">00576689<\/td><td class=\"column-5\"><h5 style=\"site-description\"><span style=\"color: #000000; font-family: Calibri;\"><font size=\"3\">Datov\u00e1 schr\u00e1nka:<br \/>\n<h5 style=\"site-description\"><span style=\"color: #000000; font-family: Calibri;\"><font size=\"3\">r3st5ei<\/td><td class=\"column-6\"><\/td>\n<\/tr>\n<tr class=\"row-2\">\n\t<td class=\"column-1\"><h5 style=\"site-description\"><span style=\"color: #000000; font-family: Calibri;\"><strong><font size=\"3\">Jarom\u00edr Zetek, p\u0159edseda<strong><\/td><td class=\"column-2\"><img loading=\"lazy\" decoding=\"async\" src=\"https:\/\/www.avzo-koprivnice.cz\/wp-content\/uploads\/2024\/01\/mobilni-telefon-e1705214465908.png\" alt=\"\" width=\"36\" height=\"33\" class=\"alignnone size-full wp-image-63\" \/><\/td><td class=\"column-3\"><h5 style=\"site-description\"><span style=\"color: #000000; font-family: Calibri;\"><font size=\"3\">+420 602 756 016<\/td><td class=\"column-4\"><img loading=\"lazy\" decoding=\"async\" src=\"https:\/\/www.avzo-koprivnice.cz\/wp-content\/uploads\/2024\/01\/mail-e1705214514990.png\" alt=\"\" width=\"50\" height=\"50\" class=\"alignnone size-medium wp-image-15\" \/><\/td><td class=\"column-5\"><h5 style=\"site-description\"><span style=\"color: #000000; font-family: Calibri;\"><font size=\"3\">info@avzo-koprivnice.cz<\/td><td class=\"column-6\"><\/td>\n<\/tr>\n<tr class=\"row-3\">\n\t<td class=\"column-1\"><h5 style=\"site-description\"><span style=\"color: #000000; font-family: Calibri;\"><strong><font size=\"3\">Ing. Ji\u0159ina Bla\u017ekov\u00e1, ekonom<strong><\/td><td class=\"column-2\"><img loading=\"lazy\" decoding=\"async\" src=\"https:\/\/www.avzo-koprivnice.cz\/wp-content\/uploads\/2024\/01\/mobilni-telefon-e1705214465908.png\" alt=\"\" width=\"36\" height=\"33\" class=\"alignnone size-full wp-image-63\" \/><\/td><td class=\"column-3\"><h5 style=\"site-description\"><span style=\"color: #000000; font-family: Calibri;\"><font size=\"3\">+420 777 891 346<\/td><td class=\"column-4\"><\/td><td class=\"column-5\"><\/td><td class=\"column-6\"><\/td>\n<\/tr>\n<tr class=\"row-4\">\n\t<td class=\"column-1\"><h5 style=\"site-description\"><span style=\"color: #000000; font-family: Calibri;\"><strong><font size=\"3\">Kamil Michalsk\u00fd, spr\u00e1vce objektu<strong><\/td><td class=\"column-2\"><img loading=\"lazy\" decoding=\"async\" src=\"https:\/\/www.avzo-koprivnice.cz\/wp-content\/uploads\/2024\/01\/mobilni-telefon-e1705214465908.png\" alt=\"\" width=\"36\" height=\"33\" class=\"alignnone size-full wp-image-63\" \/><\/td><td class=\"column-3\"><h5 style=\"site-description\"><span style=\"color: #000000; font-family: Calibri;\"><font size=\"3\">+420 608 623 744<\/td><td class=\"column-4\"><\/td><td class=\"column-5\"><\/td><td class=\"column-6\"><\/td>\n<\/tr>\n<tr class=\"row-5\">\n\t<td class=\"column-1\"><h5 style=\"site-description\"><span style=\"color: #000000; font-family: Calibri;\"><strong><font size=\"3\">\u00da\u0159edn\u00ed hodiny<strong><\/td><td class=\"column-2\"><img loading=\"lazy\" decoding=\"async\" src=\"https:\/\/www.avzo-koprivnice.cz\/wp-content\/uploads\/2024\/01\/uredni-hodiny.jpg\" alt=\"\" width=\"55\" height=\"55\" class=\"alignnone size-medium wp-image-62\" \/><\/td><td class=\"column-3\"><h5 style=\"site-description\"><span style=\"color: #000000; font-family: Calibri;\"><font size=\"3\">\u00dater\u00fd: 15:00\u00a0-\u00a016:00<strong><\/td><td class=\"column-4\"><\/td><td class=\"column-5\"><\/td><td class=\"column-6\"><\/td>\n<\/tr>\n<\/tbody>\n<\/table>\n<!-- #tablepress-1 from cache --><\/div>\n<\/div>\n<\/div>\n<div class=\"text cf design-01\">\n<div class=\"text-content\"><\/div>\n<\/div>\n<\/div>\n","protected":false},"excerpt":{"rendered":"","protected":false},"author":1,"featured_media":0,"parent":2,"menu_order":1,"comment_status":"closed","ping_status":"closed","template":"","meta":{"footnotes":""},"class_list":["post-7","page","type-page","status-publish","hentry"],"wppr_data":{"cwp_meta_box_check":"No"},"_links":{"self":[{"href":"https:\/\/www.avzo-koprivnice.cz\/index.php\/wp-json\/wp\/v2\/pages\/7","targetHints":{"allow":["GET"]}}],"collection":[{"href":"https:\/\/www.avzo-koprivnice.cz\/index.php\/wp-json\/wp\/v2\/pages"}],"about":[{"href":"https:\/\/www.avzo-koprivnice.cz\/index.php\/wp-json\/wp\/v2\/types\/page"}],"author":[{"embeddable":true,"href":"https:\/\/www.avzo-koprivnice.cz\/index.php\/wp-json\/wp\/v2\/users\/1"}],"replies":[{"embeddable":true,"href":"https:\/\/www.avzo-koprivnice.cz\/index.php\/wp-json\/wp\/v2\/comments?post=7"}],"version-history":[{"count":15,"href":"https:\/\/www.avzo-koprivnice.cz\/index.php\/wp-json\/wp\/v2\/pages\/7\/revisions"}],"predecessor-version":[{"id":348,"href":"https:\/\/www.avzo-koprivnice.cz\/index.php\/wp-json\/wp\/v2\/pages\/7\/revisions\/348"}],"up":[{"embeddable":true,"href":"https:\/\/www.avzo-koprivnice.cz\/index.php\/wp-json\/wp\/v2\/pages\/2"}],"wp:attachment":[{"href":"https:\/\/www.avzo-koprivnice.cz\/index.php\/wp-json\/wp\/v2\/media?parent=7"}],"curies":[{"name":"wp","href":"https:\/\/api.w.org\/{rel}","templated":true}]}}