{"id":914,"date":"2023-08-21T16:40:42","date_gmt":"2023-08-21T14:40:42","guid":{"rendered":"https:\/\/www.avzo-koprivnice.cz\/?page_id=914"},"modified":"2024-01-13T16:45:00","modified_gmt":"2024-01-13T15:45:00","slug":"sluzebni-raze-2022","status":"publish","type":"page","link":"https:\/\/www.avzo-koprivnice.cz\/index.php\/galerie\/sluzebni-raze-2022\/","title":{"rendered":"Slu\u017eebn\u00ed zbran\u011b 2022"},"content":{"rendered":"<div id=\"envira-gallery-wrap-880\" class=\"envira-gallery-wrap envira-gallery-theme-base envira-lightbox-theme-base\" itemscope itemtype=\"https:\/\/schema.org\/ImageGallery\"><div data-row-height=\"150\" data-gallery-theme=\"normal\" id=\"envira-gallery-880\" class=\"envira-gallery-public envira-gallery-justified-public envira-gallery-0-columns envira-clear enviratope envira-gallery-css-animations\" data-envira-columns=\"0\"><div id=\"envira-gallery-item-929\" class=\"envira-gallery-item enviratope-item envira-gallery-item-1 envira-lazy-load\" style=\"padding-left: 5px; padding-bottom: 10px; padding-right: 5px;\"  itemscope itemtype=\"https:\/\/schema.org\/ImageObject\"><div class=\"envira-gallery-item-inner\"><div class=\"envira-gallery-position-overlay  envira-gallery-top-left\"><\/div><div class=\"envira-gallery-position-overlay  envira-gallery-top-right\"><\/div><div class=\"envira-gallery-position-overlay  envira-gallery-bottom-left\"><\/div><div class=\"envira-gallery-position-overlay  envira-gallery-bottom-right\"><\/div><a href=\"https:\/\/www.avzo-koprivnice.cz\/wp-content\/uploads\/2023\/06\/spolecne-foto-pistolaru-scaled.jpg\" class=\"envira-gallery-880 envira-gallery-link\" rel=\"enviragallery880\" title=\"spolecne foto pistolaru\" data-envira-caption=\"spolecne foto pistolaru\" data-envira-retina=\"\" data-thumbnail=\"\"  itemprop=\"contentUrl\"><img decoding=\"async\" id=\"envira-gallery-image-929\" class=\"envira-gallery-image envira-gallery-image-1 envira-normal envira-lazy\" data-envira-index=\"1\" src=\"https:\/\/www.avzo-koprivnice.cz\/wp-content\/uploads\/2023\/06\/spolecne-foto-pistolaru-1024x523-640x480.jpg\" data-envira-src=\"https:\/\/www.avzo-koprivnice.cz\/wp-content\/uploads\/2023\/06\/spolecne-foto-pistolaru-1024x523-640x480.jpg\" data-envira-gallery-id=\"880\" data-envira-item-id=\"929\" data-envira-caption=\"spolecne foto pistolaru\" alt=\"\" title=\"spolecne foto pistolaru\"  itemprop=\"thumbnailUrl\" data-envira-srcset=\"https:\/\/www.avzo-koprivnice.cz\/wp-content\/uploads\/2023\/06\/spolecne-foto-pistolaru-1024x523-640x480.jpg 400w,https:\/\/www.avzo-koprivnice.cz\/wp-content\/uploads\/2023\/06\/spolecne-foto-pistolaru-1024x523-640x480.jpg 2x\" data-envira-width=\"300\" data-envira-height=\"153\" srcset=\"data:image\/gif;base64,R0lGODlhAQABAIAAAP\/\/\/\/\/\/\/yH5BAEKAAEALAAAAAABAAEAAAICTAEAOw==\" data-safe-src=\"data:image\/gif;base64,R0lGODlhAQABAIAAAP\/\/\/\/\/\/\/yH5BAEKAAEALAAAAAABAAEAAAICTAEAOw==\" \/><\/a><\/div><\/div><div id=\"envira-gallery-item-930\" class=\"envira-gallery-item enviratope-item envira-gallery-item-2 envira-lazy-load\" style=\"padding-left: 5px; padding-bottom: 10px; padding-right: 5px;\"  itemscope itemtype=\"https:\/\/schema.org\/ImageObject\"><div class=\"envira-gallery-item-inner\"><div class=\"envira-gallery-position-overlay  envira-gallery-top-left\"><\/div><div class=\"envira-gallery-position-overlay  envira-gallery-top-right\"><\/div><div class=\"envira-gallery-position-overlay  envira-gallery-bottom-left\"><\/div><div class=\"envira-gallery-position-overlay  envira-gallery-bottom-right\"><\/div><a href=\"https:\/\/www.avzo-koprivnice.cz\/wp-content\/uploads\/2023\/06\/vecne-ceny-scaled.jpg\" class=\"envira-gallery-880 envira-gallery-link\" rel=\"enviragallery880\" title=\"vecne ceny\" data-envira-caption=\"vecne ceny\" data-envira-retina=\"\" data-thumbnail=\"\"  itemprop=\"contentUrl\"><img decoding=\"async\" id=\"envira-gallery-image-930\" class=\"envira-gallery-image envira-gallery-image-2 envira-normal envira-lazy\" data-envira-index=\"2\" src=\"https:\/\/www.avzo-koprivnice.cz\/wp-content\/uploads\/2023\/06\/vecne-ceny-1024x768-640x480.jpg\" data-envira-src=\"https:\/\/www.avzo-koprivnice.cz\/wp-content\/uploads\/2023\/06\/vecne-ceny-1024x768-640x480.jpg\" data-envira-gallery-id=\"880\" data-envira-item-id=\"930\" data-envira-caption=\"vecne ceny\" alt=\"\" title=\"vecne ceny\"  itemprop=\"thumbnailUrl\" data-envira-srcset=\"https:\/\/www.avzo-koprivnice.cz\/wp-content\/uploads\/2023\/06\/vecne-ceny-1024x768-640x480.jpg 400w,https:\/\/www.avzo-koprivnice.cz\/wp-content\/uploads\/2023\/06\/vecne-ceny-1024x768-640x480.jpg 2x\" data-envira-width=\"300\" data-envira-height=\"225\" srcset=\"data:image\/gif;base64,R0lGODlhAQABAIAAAP\/\/\/\/\/\/\/yH5BAEKAAEALAAAAAABAAEAAAICTAEAOw==\" data-safe-src=\"data:image\/gif;base64,R0lGODlhAQABAIAAAP\/\/\/\/\/\/\/yH5BAEKAAEALAAAAAABAAEAAAICTAEAOw==\" \/><\/a><\/div><\/div><\/div><\/div><noscript><img decoding=\"async\" src=\"https:\/\/www.avzo-koprivnice.cz\/wp-content\/uploads\/2023\/06\/spolecne-foto-pistolaru-scaled.jpg\" alt=\"\" \/><img decoding=\"async\" src=\"https:\/\/www.avzo-koprivnice.cz\/wp-content\/uploads\/2023\/06\/vecne-ceny-scaled.jpg\" alt=\"\" \/><\/noscript>\n","protected":false},"excerpt":{"rendered":"","protected":false},"author":1,"featured_media":0,"parent":700,"menu_order":2,"comment_status":"closed","ping_status":"closed","template":"","meta":{"footnotes":""},"class_list":["post-914","page","type-page","status-publish","hentry"],"wppr_data":{"cwp_meta_box_check":"No"},"_links":{"self":[{"href":"https:\/\/www.avzo-koprivnice.cz\/index.php\/wp-json\/wp\/v2\/pages\/914","targetHints":{"allow":["GET"]}}],"collection":[{"href":"https:\/\/www.avzo-koprivnice.cz\/index.php\/wp-json\/wp\/v2\/pages"}],"about":[{"href":"https:\/\/www.avzo-koprivnice.cz\/index.php\/wp-json\/wp\/v2\/types\/page"}],"author":[{"embeddable":true,"href":"https:\/\/www.avzo-koprivnice.cz\/index.php\/wp-json\/wp\/v2\/users\/1"}],"replies":[{"embeddable":true,"href":"https:\/\/www.avzo-koprivnice.cz\/index.php\/wp-json\/wp\/v2\/comments?post=914"}],"version-history":[{"count":3,"href":"https:\/\/www.avzo-koprivnice.cz\/index.php\/wp-json\/wp\/v2\/pages\/914\/revisions"}],"predecessor-version":[{"id":931,"href":"https:\/\/www.avzo-koprivnice.cz\/index.php\/wp-json\/wp\/v2\/pages\/914\/revisions\/931"}],"up":[{"embeddable":true,"href":"https:\/\/www.avzo-koprivnice.cz\/index.php\/wp-json\/wp\/v2\/pages\/700"}],"wp:attachment":[{"href":"https:\/\/www.avzo-koprivnice.cz\/index.php\/wp-json\/wp\/v2\/media?parent=914"}],"curies":[{"name":"wp","href":"https:\/\/api.w.org\/{rel}","templated":true}]}}