{"id":999,"date":"2024-01-13T16:38:29","date_gmt":"2024-01-13T15:38:29","guid":{"rendered":"https:\/\/www.avzo-koprivnice.cz\/?page_id=999"},"modified":"2024-01-13T17:09:09","modified_gmt":"2024-01-13T16:09:09","slug":"silvestrovske-strileni","status":"publish","type":"page","link":"https:\/\/www.avzo-koprivnice.cz\/index.php\/galerie\/silvestrovske-strileni\/","title":{"rendered":"Silvestrovsk\u00e9 st\u0159\u00edlen\u00ed"},"content":{"rendered":"<div id=\"envira-gallery-wrap-1012\" class=\"envira-gallery-wrap envira-gallery-theme-base envira-lightbox-theme-base\" itemscope itemtype=\"https:\/\/schema.org\/ImageGallery\"><div data-row-height=\"150\" data-gallery-theme=\"normal\" id=\"envira-gallery-1012\" class=\"envira-gallery-public envira-gallery-justified-public envira-gallery-0-columns envira-clear enviratope envira-gallery-css-animations\" data-envira-columns=\"0\"><div id=\"envira-gallery-item-985\" class=\"envira-gallery-item enviratope-item envira-gallery-item-1 envira-lazy-load\" style=\"padding-left: 5px; padding-bottom: 10px; padding-right: 5px;\"  itemscope itemtype=\"https:\/\/schema.org\/ImageObject\"><div class=\"envira-gallery-item-inner\"><div class=\"envira-gallery-position-overlay  envira-gallery-top-left\"><\/div><div class=\"envira-gallery-position-overlay  envira-gallery-top-right\"><\/div><div class=\"envira-gallery-position-overlay  envira-gallery-bottom-left\"><\/div><div class=\"envira-gallery-position-overlay  envira-gallery-bottom-right\"><\/div><a href=\"https:\/\/www.avzo-koprivnice.cz\/wp-content\/uploads\/2023\/12\/vysledky-silvestr-2023-rotated.jpg\" class=\"envira-gallery-1012 envira-gallery-link\" rel=\"enviragallery1012\" title=\"vysledky silvestr 2023\" data-envira-caption=\"vysledky silvestr 2023\" data-envira-retina=\"\" data-thumbnail=\"\"  itemprop=\"contentUrl\"><img decoding=\"async\" id=\"envira-gallery-image-985\" class=\"envira-gallery-image envira-gallery-image-1 envira-normal envira-lazy\" data-envira-index=\"1\" src=\"https:\/\/www.avzo-koprivnice.cz\/wp-content\/uploads\/2023\/12\/vysledky-silvestr-2023-768x1024-640x480.jpg\" data-envira-src=\"https:\/\/www.avzo-koprivnice.cz\/wp-content\/uploads\/2023\/12\/vysledky-silvestr-2023-768x1024-640x480.jpg\" data-envira-gallery-id=\"1012\" data-envira-item-id=\"985\" data-envira-caption=\"vysledky silvestr 2023\" alt=\"\" title=\"vysledky silvestr 2023\"  itemprop=\"thumbnailUrl\" data-envira-srcset=\"https:\/\/www.avzo-koprivnice.cz\/wp-content\/uploads\/2023\/12\/vysledky-silvestr-2023-768x1024-640x480.jpg 400w,https:\/\/www.avzo-koprivnice.cz\/wp-content\/uploads\/2023\/12\/vysledky-silvestr-2023-768x1024-640x480.jpg 2x\" data-envira-width=\"225\" data-envira-height=\"300\" srcset=\"data:image\/gif;base64,R0lGODlhAQABAIAAAP\/\/\/\/\/\/\/yH5BAEKAAEALAAAAAABAAEAAAICTAEAOw==\" data-safe-src=\"data:image\/gif;base64,R0lGODlhAQABAIAAAP\/\/\/\/\/\/\/yH5BAEKAAEALAAAAAABAAEAAAICTAEAOw==\" \/><\/a><\/div><\/div><div id=\"envira-gallery-item-984\" class=\"envira-gallery-item enviratope-item envira-gallery-item-2 envira-lazy-load\" style=\"padding-left: 5px; padding-bottom: 10px; padding-right: 5px;\"  itemscope itemtype=\"https:\/\/schema.org\/ImageObject\"><div class=\"envira-gallery-item-inner\"><div class=\"envira-gallery-position-overlay  envira-gallery-top-left\"><\/div><div class=\"envira-gallery-position-overlay  envira-gallery-top-right\"><\/div><div class=\"envira-gallery-position-overlay  envira-gallery-bottom-left\"><\/div><div class=\"envira-gallery-position-overlay  envira-gallery-bottom-right\"><\/div><a href=\"https:\/\/www.avzo-koprivnice.cz\/wp-content\/uploads\/2023\/12\/vitez-stastna-rana.jpg\" class=\"envira-gallery-1012 envira-gallery-link\" rel=\"enviragallery1012\" title=\"vitez stastna rana\" data-envira-caption=\"vitez stastna rana\" data-envira-retina=\"\" data-thumbnail=\"\"  itemprop=\"contentUrl\"><img decoding=\"async\" id=\"envira-gallery-image-984\" class=\"envira-gallery-image envira-gallery-image-2 envira-normal envira-lazy\" data-envira-index=\"2\" src=\"https:\/\/www.avzo-koprivnice.cz\/wp-content\/uploads\/2023\/12\/vitez-stastna-rana-1024x768-640x480.jpg\" data-envira-src=\"https:\/\/www.avzo-koprivnice.cz\/wp-content\/uploads\/2023\/12\/vitez-stastna-rana-1024x768-640x480.jpg\" data-envira-gallery-id=\"1012\" data-envira-item-id=\"984\" data-envira-caption=\"vitez stastna rana\" alt=\"\" title=\"vitez stastna rana\"  itemprop=\"thumbnailUrl\" data-envira-srcset=\"https:\/\/www.avzo-koprivnice.cz\/wp-content\/uploads\/2023\/12\/vitez-stastna-rana-1024x768-640x480.jpg 400w,https:\/\/www.avzo-koprivnice.cz\/wp-content\/uploads\/2023\/12\/vitez-stastna-rana-1024x768-640x480.jpg 2x\" data-envira-width=\"300\" data-envira-height=\"225\" srcset=\"data:image\/gif;base64,R0lGODlhAQABAIAAAP\/\/\/\/\/\/\/yH5BAEKAAEALAAAAAABAAEAAAICTAEAOw==\" data-safe-src=\"data:image\/gif;base64,R0lGODlhAQABAIAAAP\/\/\/\/\/\/\/yH5BAEKAAEALAAAAAABAAEAAAICTAEAOw==\" \/><\/a><\/div><\/div><div id=\"envira-gallery-item-983\" class=\"envira-gallery-item enviratope-item envira-gallery-item-3 envira-lazy-load\" style=\"padding-left: 5px; padding-bottom: 10px; padding-right: 5px;\"  itemscope itemtype=\"https:\/\/schema.org\/ImageObject\"><div class=\"envira-gallery-item-inner\"><div class=\"envira-gallery-position-overlay  envira-gallery-top-left\"><\/div><div class=\"envira-gallery-position-overlay  envira-gallery-top-right\"><\/div><div class=\"envira-gallery-position-overlay  envira-gallery-bottom-left\"><\/div><div class=\"envira-gallery-position-overlay  envira-gallery-bottom-right\"><\/div><a href=\"https:\/\/www.avzo-koprivnice.cz\/wp-content\/uploads\/2023\/12\/stastna-rana-3-rotated.jpg\" class=\"envira-gallery-1012 envira-gallery-link\" rel=\"enviragallery1012\" title=\"stastna rana 3\" data-envira-caption=\"stastna rana 3\" data-envira-retina=\"\" data-thumbnail=\"\"  itemprop=\"contentUrl\"><img decoding=\"async\" id=\"envira-gallery-image-983\" class=\"envira-gallery-image envira-gallery-image-3 envira-normal envira-lazy\" data-envira-index=\"3\" src=\"https:\/\/www.avzo-koprivnice.cz\/wp-content\/uploads\/2023\/12\/stastna-rana-3-768x1024-640x480.jpg\" data-envira-src=\"https:\/\/www.avzo-koprivnice.cz\/wp-content\/uploads\/2023\/12\/stastna-rana-3-768x1024-640x480.jpg\" data-envira-gallery-id=\"1012\" data-envira-item-id=\"983\" data-envira-caption=\"stastna rana 3\" alt=\"\" title=\"stastna rana 3\"  itemprop=\"thumbnailUrl\" data-envira-srcset=\"https:\/\/www.avzo-koprivnice.cz\/wp-content\/uploads\/2023\/12\/stastna-rana-3-768x1024-640x480.jpg 400w,https:\/\/www.avzo-koprivnice.cz\/wp-content\/uploads\/2023\/12\/stastna-rana-3-768x1024-640x480.jpg 2x\" data-envira-width=\"225\" data-envira-height=\"300\" srcset=\"data:image\/gif;base64,R0lGODlhAQABAIAAAP\/\/\/\/\/\/\/yH5BAEKAAEALAAAAAABAAEAAAICTAEAOw==\" data-safe-src=\"data:image\/gif;base64,R0lGODlhAQABAIAAAP\/\/\/\/\/\/\/yH5BAEKAAEALAAAAAABAAEAAAICTAEAOw==\" \/><\/a><\/div><\/div><div id=\"envira-gallery-item-982\" class=\"envira-gallery-item enviratope-item envira-gallery-item-4 envira-lazy-load\" style=\"padding-left: 5px; padding-bottom: 10px; padding-right: 5px;\"  itemscope itemtype=\"https:\/\/schema.org\/ImageObject\"><div class=\"envira-gallery-item-inner\"><div class=\"envira-gallery-position-overlay  envira-gallery-top-left\"><\/div><div class=\"envira-gallery-position-overlay  envira-gallery-top-right\"><\/div><div class=\"envira-gallery-position-overlay  envira-gallery-bottom-left\"><\/div><div class=\"envira-gallery-position-overlay  envira-gallery-bottom-right\"><\/div><a href=\"https:\/\/www.avzo-koprivnice.cz\/wp-content\/uploads\/2023\/12\/stastna-rana-2-rotated.jpg\" class=\"envira-gallery-1012 envira-gallery-link\" rel=\"enviragallery1012\" title=\"stastna rana 2\" data-envira-caption=\"stastna rana 2\" data-envira-retina=\"\" data-thumbnail=\"\"  itemprop=\"contentUrl\"><img decoding=\"async\" id=\"envira-gallery-image-982\" class=\"envira-gallery-image envira-gallery-image-4 envira-normal envira-lazy\" data-envira-index=\"4\" src=\"https:\/\/www.avzo-koprivnice.cz\/wp-content\/uploads\/2023\/12\/stastna-rana-2-768x1024-640x480.jpg\" data-envira-src=\"https:\/\/www.avzo-koprivnice.cz\/wp-content\/uploads\/2023\/12\/stastna-rana-2-768x1024-640x480.jpg\" data-envira-gallery-id=\"1012\" data-envira-item-id=\"982\" data-envira-caption=\"stastna rana 2\" alt=\"\" title=\"stastna rana 2\"  itemprop=\"thumbnailUrl\" data-envira-srcset=\"https:\/\/www.avzo-koprivnice.cz\/wp-content\/uploads\/2023\/12\/stastna-rana-2-768x1024-640x480.jpg 400w,https:\/\/www.avzo-koprivnice.cz\/wp-content\/uploads\/2023\/12\/stastna-rana-2-768x1024-640x480.jpg 2x\" data-envira-width=\"225\" data-envira-height=\"300\" srcset=\"data:image\/gif;base64,R0lGODlhAQABAIAAAP\/\/\/\/\/\/\/yH5BAEKAAEALAAAAAABAAEAAAICTAEAOw==\" data-safe-src=\"data:image\/gif;base64,R0lGODlhAQABAIAAAP\/\/\/\/\/\/\/yH5BAEKAAEALAAAAAABAAEAAAICTAEAOw==\" \/><\/a><\/div><\/div><div id=\"envira-gallery-item-981\" class=\"envira-gallery-item enviratope-item envira-gallery-item-5 envira-lazy-load\" style=\"padding-left: 5px; padding-bottom: 10px; padding-right: 5px;\"  itemscope itemtype=\"https:\/\/schema.org\/ImageObject\"><div class=\"envira-gallery-item-inner\"><div class=\"envira-gallery-position-overlay  envira-gallery-top-left\"><\/div><div class=\"envira-gallery-position-overlay  envira-gallery-top-right\"><\/div><div class=\"envira-gallery-position-overlay  envira-gallery-bottom-left\"><\/div><div class=\"envira-gallery-position-overlay  envira-gallery-bottom-right\"><\/div><a href=\"https:\/\/www.avzo-koprivnice.cz\/wp-content\/uploads\/2023\/12\/stastna-rana-1-rotated.jpg\" class=\"envira-gallery-1012 envira-gallery-link\" rel=\"enviragallery1012\" title=\"stastna rana 1\" data-envira-caption=\"stastna rana 1\" data-envira-retina=\"\" data-thumbnail=\"\"  itemprop=\"contentUrl\"><img decoding=\"async\" id=\"envira-gallery-image-981\" class=\"envira-gallery-image envira-gallery-image-5 envira-normal envira-lazy\" data-envira-index=\"5\" src=\"https:\/\/www.avzo-koprivnice.cz\/wp-content\/uploads\/2023\/12\/stastna-rana-1-768x1024-640x480.jpg\" data-envira-src=\"https:\/\/www.avzo-koprivnice.cz\/wp-content\/uploads\/2023\/12\/stastna-rana-1-768x1024-640x480.jpg\" data-envira-gallery-id=\"1012\" data-envira-item-id=\"981\" data-envira-caption=\"stastna rana 1\" alt=\"\" title=\"stastna rana 1\"  itemprop=\"thumbnailUrl\" data-envira-srcset=\"https:\/\/www.avzo-koprivnice.cz\/wp-content\/uploads\/2023\/12\/stastna-rana-1-768x1024-640x480.jpg 400w,https:\/\/www.avzo-koprivnice.cz\/wp-content\/uploads\/2023\/12\/stastna-rana-1-768x1024-640x480.jpg 2x\" data-envira-width=\"225\" data-envira-height=\"300\" srcset=\"data:image\/gif;base64,R0lGODlhAQABAIAAAP\/\/\/\/\/\/\/yH5BAEKAAEALAAAAAABAAEAAAICTAEAOw==\" data-safe-src=\"data:image\/gif;base64,R0lGODlhAQABAIAAAP\/\/\/\/\/\/\/yH5BAEKAAEALAAAAAABAAEAAAICTAEAOw==\" \/><\/a><\/div><\/div><div id=\"envira-gallery-item-980\" class=\"envira-gallery-item enviratope-item envira-gallery-item-6 envira-lazy-load\" style=\"padding-left: 5px; padding-bottom: 10px; padding-right: 5px;\"  itemscope itemtype=\"https:\/\/schema.org\/ImageObject\"><div class=\"envira-gallery-item-inner\"><div class=\"envira-gallery-position-overlay  envira-gallery-top-left\"><\/div><div class=\"envira-gallery-position-overlay  envira-gallery-top-right\"><\/div><div class=\"envira-gallery-position-overlay  envira-gallery-bottom-left\"><\/div><div class=\"envira-gallery-position-overlay  envira-gallery-bottom-right\"><\/div><a href=\"https:\/\/www.avzo-koprivnice.cz\/wp-content\/uploads\/2023\/12\/spolecne-foto.jpg\" class=\"envira-gallery-1012 envira-gallery-link\" rel=\"enviragallery1012\" title=\"spolecne foto\" data-envira-caption=\"spolecne foto\" data-envira-retina=\"\" data-thumbnail=\"\"  itemprop=\"contentUrl\"><img decoding=\"async\" id=\"envira-gallery-image-980\" class=\"envira-gallery-image envira-gallery-image-6 envira-normal envira-lazy\" data-envira-index=\"6\" src=\"https:\/\/www.avzo-koprivnice.cz\/wp-content\/uploads\/2023\/12\/spolecne-foto-640x480.jpg\" data-envira-src=\"https:\/\/www.avzo-koprivnice.cz\/wp-content\/uploads\/2023\/12\/spolecne-foto-640x480.jpg\" data-envira-gallery-id=\"1012\" data-envira-item-id=\"980\" data-envira-caption=\"spolecne foto\" alt=\"\" title=\"spolecne foto\"  itemprop=\"thumbnailUrl\" data-envira-srcset=\"https:\/\/www.avzo-koprivnice.cz\/wp-content\/uploads\/2023\/12\/spolecne-foto-640x480.jpg 400w,https:\/\/www.avzo-koprivnice.cz\/wp-content\/uploads\/2023\/12\/spolecne-foto-640x480.jpg 2x\" data-envira-width=\"300\" data-envira-height=\"225\" srcset=\"data:image\/gif;base64,R0lGODlhAQABAIAAAP\/\/\/\/\/\/\/yH5BAEKAAEALAAAAAABAAEAAAICTAEAOw==\" data-safe-src=\"data:image\/gif;base64,R0lGODlhAQABAIAAAP\/\/\/\/\/\/\/yH5BAEKAAEALAAAAAABAAEAAAICTAEAOw==\" \/><\/a><\/div><\/div><\/div><\/div><noscript><img decoding=\"async\" src=\"https:\/\/www.avzo-koprivnice.cz\/wp-content\/uploads\/2023\/12\/vysledky-silvestr-2023-rotated.jpg\" alt=\"\" \/><img decoding=\"async\" src=\"https:\/\/www.avzo-koprivnice.cz\/wp-content\/uploads\/2023\/12\/vitez-stastna-rana.jpg\" alt=\"\" \/><img decoding=\"async\" src=\"https:\/\/www.avzo-koprivnice.cz\/wp-content\/uploads\/2023\/12\/stastna-rana-3-rotated.jpg\" alt=\"\" \/><img decoding=\"async\" src=\"https:\/\/www.avzo-koprivnice.cz\/wp-content\/uploads\/2023\/12\/stastna-rana-2-rotated.jpg\" alt=\"\" \/><img decoding=\"async\" src=\"https:\/\/www.avzo-koprivnice.cz\/wp-content\/uploads\/2023\/12\/stastna-rana-1-rotated.jpg\" alt=\"\" \/><img decoding=\"async\" src=\"https:\/\/www.avzo-koprivnice.cz\/wp-content\/uploads\/2023\/12\/spolecne-foto.jpg\" alt=\"\" \/><\/noscript>\n","protected":false},"excerpt":{"rendered":"","protected":false},"author":1,"featured_media":0,"parent":700,"menu_order":4,"comment_status":"closed","ping_status":"closed","template":"","meta":{"footnotes":""},"class_list":["post-999","page","type-page","status-publish","hentry"],"wppr_data":{"cwp_meta_box_check":"No"},"_links":{"self":[{"href":"https:\/\/www.avzo-koprivnice.cz\/index.php\/wp-json\/wp\/v2\/pages\/999","targetHints":{"allow":["GET"]}}],"collection":[{"href":"https:\/\/www.avzo-koprivnice.cz\/index.php\/wp-json\/wp\/v2\/pages"}],"about":[{"href":"https:\/\/www.avzo-koprivnice.cz\/index.php\/wp-json\/wp\/v2\/types\/page"}],"author":[{"embeddable":true,"href":"https:\/\/www.avzo-koprivnice.cz\/index.php\/wp-json\/wp\/v2\/users\/1"}],"replies":[{"embeddable":true,"href":"https:\/\/www.avzo-koprivnice.cz\/index.php\/wp-json\/wp\/v2\/comments?post=999"}],"version-history":[{"count":2,"href":"https:\/\/www.avzo-koprivnice.cz\/index.php\/wp-json\/wp\/v2\/pages\/999\/revisions"}],"predecessor-version":[{"id":1013,"href":"https:\/\/www.avzo-koprivnice.cz\/index.php\/wp-json\/wp\/v2\/pages\/999\/revisions\/1013"}],"up":[{"embeddable":true,"href":"https:\/\/www.avzo-koprivnice.cz\/index.php\/wp-json\/wp\/v2\/pages\/700"}],"wp:attachment":[{"href":"https:\/\/www.avzo-koprivnice.cz\/index.php\/wp-json\/wp\/v2\/media?parent=999"}],"curies":[{"name":"wp","href":"https:\/\/api.w.org\/{rel}","templated":true}]}}